{"id":29,"date":"2013-10-25T11:58:12","date_gmt":"2013-10-25T11:58:12","guid":{"rendered":"http:\/\/smartwpress.com\/jamsession\/?page_id=29"},"modified":"2019-03-25T14:18:01","modified_gmt":"2019-03-25T14:18:01","slug":"nos-services","status":"publish","type":"page","link":"https:\/\/yossimarciano.com\/?page_id=29","title":{"rendered":"Nos services"},"content":{"rendered":"<p>[vc_row][vc_column][vc_custom_heading text=\u00a0\u00bbYOSSI MARCIANO ORCHESTRE\u00a0\u00bb font_container=\u00a0\u00bbtag:h1|text_align:center\u00a0\u00bb use_theme_fonts=\u00a0\u00bbyes\u00a0\u00bb][vc_custom_heading text=\u00a0\u00bbMusiciens, DJs, danceurs, danceuses, et artistes de talents\u00a0\u00bb font_container=\u00a0\u00bbtag:h2|text_align:center\u00a0\u00bb use_theme_fonts=\u00a0\u00bbyes\u00a0\u00bb][vc_column_text css=\u00a0\u00bb.vc_custom_1551870171312{margin-top: -20px !important;}\u00a0\u00bb]<\/p>\n<h4 id=\"tw-target-text\" class=\"tw-data-text tw-ta tw-text-small\" dir=\"ltr\" style=\"text-align: center;\" data-placeholder=\"Traduction\"><span lang=\"fr\" tabindex=\"0\"><b>Yossi Marciano<\/b> est un groupe de musiciens talentueux qui propose des prestations musicales et des services \u00e9v\u00e9nementiels haut de gamme \u00e0 l&rsquo;attention des particuliers, des agences de communication, des agences \u00e9v\u00e9nementielles, des wedding planners et des entreprises en France et \u00e0 l&rsquo;\u00e9tranger.\u00a0<\/span><\/h4>\n<p>[\/vc_column_text][vc_column_text]<\/p>\n<p>[\/vc_column_text][\/vc_column][\/vc_row][vc_row full_width=\u00a0\u00bbstretch_row_content\u00a0\u00bb css_animation=\u00a0\u00bbfadeIn\u00a0\u00bb css=\u00a0\u00bb.vc_custom_1551869860766{margin-top: 60px !important;}\u00a0\u00bb][vc_column width=\u00a0\u00bb1\/5&Prime;][vc_custom_heading text=\u00a0\u00bbCorporates\u00a0\u00bb font_container=\u00a0\u00bbtag:h3|text_align:center\u00a0\u00bb use_theme_fonts=\u00a0\u00bbyes\u00a0\u00bb][\/vc_column][vc_column width=\u00a0\u00bb1\/5&Prime;][vc_custom_heading text=\u00a0\u00bbDiner de gala\u00a0\u00bb font_container=\u00a0\u00bbtag:h3|text_align:center\u00a0\u00bb use_theme_fonts=\u00a0\u00bbyes\u00a0\u00bb][\/vc_column][vc_column width=\u00a0\u00bb1\/5&Prime;][vc_custom_heading text=\u00a0\u00bbSoir\u00e9es priv\u00e9es\u00a0\u00bb font_container=\u00a0\u00bbtag:h3|text_align:center\u00a0\u00bb use_theme_fonts=\u00a0\u00bbyes\u00a0\u00bb][\/vc_column][vc_column width=\u00a0\u00bb1\/5&Prime;][vc_custom_heading text=\u00a0\u00bbMariages\u00a0\u00bb font_container=\u00a0\u00bbtag:h3|text_align:center\u00a0\u00bb use_theme_fonts=\u00a0\u00bbyes\u00a0\u00bb][\/vc_column][vc_column width=\u00a0\u00bb1\/5&Prime;][vc_custom_heading text=\u00a0\u00bbBar Mitzvah\u00a0\u00bb font_container=\u00a0\u00bbtag:h3|text_align:center\u00a0\u00bb use_theme_fonts=\u00a0\u00bbyes\u00a0\u00bb][\/vc_column][\/vc_row][vc_row css=\u00a0\u00bb.vc_custom_1551869843731{margin-top: 50px !important;}\u00a0\u00bb][vc_column][vc_column_text css=\u00a0\u00bb.vc_custom_1551870254282{margin-top: -20px !important;}\u00a0\u00bb]<\/p>\n<h2 id=\"tw-target-text\" class=\"tw-data-text tw-ta tw-text-small\" dir=\"ltr\" style=\"text-align: center;\" data-placeholder=\"Traduction\"><span lang=\"fr\" tabindex=\"0\">Des technologies nouvelles s&rsquo;invitent \u00e0 votre f\u00eate, participez \u00e0 une exp\u00e9rience hors du commun.<\/span><\/h2>\n<h2 class=\"presentationS5\" style=\"text-align: center;\">SONORISATION,<br \/>\nLUMI\u00c8RES,<br \/>\nSC\u00c9NOGRAPHIE<\/h2>\n<p>[\/vc_column_text][\/vc_column][\/vc_row][vc_row css=\u00a0\u00bb.vc_custom_1551869584210{margin-top: 80px !important;margin-bottom: 50px !important;}\u00a0\u00bb][vc_column][rev_slider_vc alias=\u00a0\u00bbclub-flyer\u00a0\u00bb][\/vc_column][\/vc_row]<\/p>\n","protected":false},"excerpt":{"rendered":"<p>[vc_row][vc_column][vc_custom_heading text=\u00a0\u00bbYOSSI MARCIANO ORCHESTRE\u00a0\u00bb font_container=\u00a0\u00bbtag:h1|text_align:center\u00a0\u00bb use_theme_fonts=\u00a0\u00bbyes\u00a0\u00bb][vc_custom_heading text=\u00a0\u00bbMusiciens, DJs, danceurs, danceuses, et artistes de talents\u00a0\u00bb font_container=\u00a0\u00bbtag:h2|text_align:center\u00a0\u00bb use_theme_fonts=\u00a0\u00bbyes\u00a0\u00bb][vc_column_text css=\u00a0\u00bb.vc_custom_1551870171312{margin-top: -20px !important;}\u00a0\u00bb] Yossi<\/p>\n","protected":false},"author":3,"featured_media":0,"parent":0,"menu_order":0,"comment_status":"closed","ping_status":"closed","template":"page_full.php","meta":{"footnotes":""},"class_list":["post-29","page","type-page","status-publish","hentry"],"_links":{"self":[{"href":"https:\/\/yossimarciano.com\/index.php?rest_route=\/wp\/v2\/pages\/29","targetHints":{"allow":["GET"]}}],"collection":[{"href":"https:\/\/yossimarciano.com\/index.php?rest_route=\/wp\/v2\/pages"}],"about":[{"href":"https:\/\/yossimarciano.com\/index.php?rest_route=\/wp\/v2\/types\/page"}],"author":[{"embeddable":true,"href":"https:\/\/yossimarciano.com\/index.php?rest_route=\/wp\/v2\/users\/3"}],"replies":[{"embeddable":true,"href":"https:\/\/yossimarciano.com\/index.php?rest_route=%2Fwp%2Fv2%2Fcomments&post=29"}],"version-history":[{"count":62,"href":"https:\/\/yossimarciano.com\/index.php?rest_route=\/wp\/v2\/pages\/29\/revisions"}],"predecessor-version":[{"id":913,"href":"https:\/\/yossimarciano.com\/index.php?rest_route=\/wp\/v2\/pages\/29\/revisions\/913"}],"wp:attachment":[{"href":"https:\/\/yossimarciano.com\/index.php?rest_route=%2Fwp%2Fv2%2Fmedia&parent=29"}],"curies":[{"name":"wp","href":"https:\/\/api.w.org\/{rel}","templated":true}]}}